{"id":2,"date":"2016-03-24T08:27:26","date_gmt":"2016-03-24T08:27:26","guid":{"rendered":"http:\/\/pllrakennus.fi\/?page_id=2"},"modified":"2020-02-02T17:50:16","modified_gmt":"2020-02-02T17:50:16","slug":"yritys-saneeraus","status":"publish","type":"page","link":"https:\/\/pllrakennus.fi\/index.php\/yritys-saneeraus\/","title":{"rendered":"YRITYS"},"content":{"rendered":"<p>PLL Rakennus Oy tarjoaa kokonaisvaltaista rakennuspalvelua, erityisosaamisena erilaiset rappaus-, muuraus- ja saneeraus ty\u00f6t,\u00a0 unohtamatta kivi- ja graniittiasennusta. Yrityksen toimialueena on Etel\u00e4-Suomi, p\u00e4\u00e4asiassa p\u00e4\u00e4kaupunkiseutu, mutta tuotamme palveluita my\u00f6s muille paikkakunnille. Olemme mm. tehneet Lappeenrannan oikeustalolle rappaus sek\u00e4 graniittiasennusta.<\/p>\n<p>Palvelumme sis\u00e4lt\u00e4v\u00e4t niin erilaiset purkuty\u00f6t kuin uudiskohteen suunnittelun ja rakentamisen. Yhteisty\u00f6kumppaneinamme meill\u00e4 on useita alihankkijoita, joiden luotettavaa ja ammattitaitoista osaamista k\u00e4yt\u00e4mme tarvittaessa. Lis\u00e4ksi tarjoamme suunnitteluty\u00f6t\u00e4 ja pohjapiirrosten tekoa tarvittaessa. Tavoitteena on saada asiakkaalle parhain mahdollinen kokonaisuus, ja n\u00e4in ollen taata asiakastyytyv\u00e4isyys.<\/p>\n<p>Toimintamme ydin on toiminnan luotettavuus ja nopea sek\u00e4 laadukas palvelu.\u00a0 Toimintamme keski\u00f6ss\u00e4 on aikataulussa pysyminen laadusta tinkim\u00e4tt\u00e4.<\/p>\n<p>Toimialana ovat yleiset talonrakennusty\u00f6t, kivi &#8211; ja graniittisasennus, julkisivurappaukset, ymp\u00e4rist\u00f6- ja infrarakentaminen, uudisrakentaminen, saneeraus- ja huoltoty\u00f6t.\u00a0 Yrityksemme tuottaa paljon erilaisia korjausrakentamisen palveluita, mutta my\u00f6s uusien kohteiden rakentamista. Lis\u00e4ksi tuotamme sisustusremontointia ja luonnonkivimuurausta ulkotiloihin. Meilt\u00e4 saa kattavasti kaikki palvelut saman katon alta.<\/p>\n<p>Tarjoamme yksityisille henkil\u00f6ille suurempia urakoita sek\u00e4 yrityksille alihankintasopimuksia. Tutustu palveluihimme<a href=\"http:\/\/pllrakennus.fi\/index.php\/pll-rakennus-oy-palvelut-kivityot\/\"> t\u00e4st\u00e4<\/a><\/p>\n<p><strong>Luotettava kumppani &#8211; veronumero.fi\u00a0<\/strong><\/p>\n<p>PLL Rakennus Oy\u00a0on mukana tukemassa rehti\u00e4 kilpailua rakennusalalla ja on mukana Luotettava Kumppani ohjelmassa. \u00a0Luotettava Kumppani &#8211; ohjelma hoitaa toimittajan ja urakoitsijan puolesta tilaajavastuulain edellytt\u00e4mien tietojen noutamisen eri rekistereist\u00e4 ja pit\u00e4\u00e4 tiedot aina ajantasalla.<\/p>\n<p>Lis\u00e4ksi tiedot ty\u00f6ntekij\u00f6ist\u00e4mme l\u00f6ytyy veronumero.fi:st\u00e4 veronumerolain edellytt\u00e4m\u00e4ll\u00e4 tavalla.<\/p>\n<p>Voit hakea ilmaiseksi raportteja yrityksest\u00e4mme Suomen Tilaajavastuu Oy:n sivuilta:\u00a0<a class=\" link\" href=\"https:\/\/www.tilaajavastuu.fi\/raportit\/\" target=\"_blank\" rel=\"noopener noreferrer\">https:\/\/www.tilaajavastuu.fi\/raportit\/\u00a0<\/a><\/p>\n<div><\/div>\n","protected":false},"excerpt":{"rendered":"<p>PLL Rakennus Oy tarjoaa kokonaisvaltaista rakennuspalvelua, erityisosaamisena erilaiset rappaus-, muuraus- ja saneeraus ty\u00f6t,\u00a0 unohtamatta kivi- ja graniittiasennusta. Yrityksen toimialueena on Etel\u00e4-Suomi, p\u00e4\u00e4asiassa p\u00e4\u00e4kaupunkiseutu, mutta tuotamme palveluita my\u00f6s muille paikkakunnille. Olemme mm. tehneet Lappeenrannan oikeustalolle rappaus sek\u00e4 graniittiasennusta. Palvelumme sis\u00e4lt\u00e4v\u00e4t niin erilaiset purkuty\u00f6t kuin uudiskohteen suunnittelun ja rakentamisen. Yhteisty\u00f6kumppaneinamme meill\u00e4 on useita alihankkijoita, joiden luotettavaa ja &hellip; <\/p>\n<p class=\"link-more\"><a href=\"https:\/\/pllrakennus.fi\/index.php\/yritys-saneeraus\/\" class=\"more-link\">Continue reading<span class=\"screen-reader-text\"> &#8220;YRITYS&#8221;<\/span><\/a><\/p>\n","protected":false},"author":1,"featured_media":0,"parent":0,"menu_order":0,"comment_status":"closed","ping_status":"open","template":"","meta":[],"_links":{"self":[{"href":"https:\/\/pllrakennus.fi\/index.php\/wp-json\/wp\/v2\/pages\/2"}],"collection":[{"href":"https:\/\/pllrakennus.fi\/index.php\/wp-json\/wp\/v2\/pages"}],"about":[{"href":"https:\/\/pllrakennus.fi\/index.php\/wp-json\/wp\/v2\/types\/page"}],"author":[{"embeddable":true,"href":"https:\/\/pllrakennus.fi\/index.php\/wp-json\/wp\/v2\/users\/1"}],"replies":[{"embeddable":true,"href":"https:\/\/pllrakennus.fi\/index.php\/wp-json\/wp\/v2\/comments?post=2"}],"version-history":[{"count":13,"href":"https:\/\/pllrakennus.fi\/index.php\/wp-json\/wp\/v2\/pages\/2\/revisions"}],"predecessor-version":[{"id":537,"href":"https:\/\/pllrakennus.fi\/index.php\/wp-json\/wp\/v2\/pages\/2\/revisions\/537"}],"wp:attachment":[{"href":"https:\/\/pllrakennus.fi\/index.php\/wp-json\/wp\/v2\/media?parent=2"}],"curies":[{"name":"wp","href":"https:\/\/api.w.org\/{rel}","templated":true}]}}