{"id":43,"date":"2016-04-11T11:58:33","date_gmt":"2016-04-11T11:58:33","guid":{"rendered":"http:\/\/pllrakennus.fi\/?page_id=43"},"modified":"2025-05-09T04:26:42","modified_gmt":"2025-05-09T04:26:42","slug":"yhteystiedot-pll-rakennus","status":"publish","type":"page","link":"https:\/\/pllrakennus.fi\/index.php\/yhteystiedot-pll-rakennus\/","title":{"rendered":"YHTEYSTIEDOT"},"content":{"rendered":"<p><strong>Yhteystiedot PLL RAKENNUS OY<br \/>\n<\/strong><strong style=\"font-size: inherit;\">Y-tunnus:\u00a02733386-8<\/strong><\/p>\n<p><strong>Myynti<br \/>\n<\/strong>Petrit Kola (Toimitusjohtaja)<br \/>\nPuh: +358 443 444 858<strong><br \/>\n<\/strong>petrit.kola@pllrakennus.fi tai<br \/>\ninfo@pllrakennus.fi<\/p>\n<p>Laskutukseen liittyviss\u00e4 kysymyksiss\u00e4 voitte olle yhteydess\u00e4 info@pllrakennus.fi<\/p>\n<p><strong>Verkkolaskuosoite<\/strong>:<br \/>\n<strong>Verkkolaskuna<\/strong> 003727333868<br \/>\n<strong>Verkkolaskujen v\u00e4litt\u00e4j\u00e4<\/strong> 003708599126 (OpenText)<br \/>\n<strong>S\u00e4hk\u00f6postitse<\/strong> <a href=\"mailto:fennoa.518442@erin.posti.com\">fennoa.518442@erin.posti.com<\/a><\/p>\n<p><strong>Postitse<br \/>\n<\/strong>PLL Rakennus Oy<br \/>\nPL 60275<br \/>\n00062 LASKUTUS<\/p>\n<p><strong>Muu Postiosoite ( Ei k\u00e4yntiosoite)<\/strong><br \/>\nPLL Rakennus Oy<br \/>\nTikantie 20<br \/>\n04320 TUUSULA<\/p>\n","protected":false},"excerpt":{"rendered":"<p>Yhteystiedot PLL RAKENNUS OY Y-tunnus:\u00a02733386-8 Myynti Petrit Kola (Toimitusjohtaja) Puh: +358 443 444 858 petrit.kola@pllrakennus.fi tai info@pllrakennus.fi Laskutukseen liittyviss\u00e4 kysymyksiss\u00e4 voitte olle yhteydess\u00e4 info@pllrakennus.fi Verkkolaskuosoite: Verkkolaskuna 003727333868 Verkkolaskujen v\u00e4litt\u00e4j\u00e4 003708599126 (OpenText) S\u00e4hk\u00f6postitse fennoa.518442@erin.posti.com Postitse PLL Rakennus Oy PL 60275 00062 LASKUTUS Muu Postiosoite ( Ei k\u00e4yntiosoite) PLL Rakennus Oy Tikantie 20 04320 TUUSULA<\/p>\n","protected":false},"author":1,"featured_media":106,"parent":0,"menu_order":0,"comment_status":"closed","ping_status":"closed","template":"","meta":[],"_links":{"self":[{"href":"https:\/\/pllrakennus.fi\/index.php\/wp-json\/wp\/v2\/pages\/43"}],"collection":[{"href":"https:\/\/pllrakennus.fi\/index.php\/wp-json\/wp\/v2\/pages"}],"about":[{"href":"https:\/\/pllrakennus.fi\/index.php\/wp-json\/wp\/v2\/types\/page"}],"author":[{"embeddable":true,"href":"https:\/\/pllrakennus.fi\/index.php\/wp-json\/wp\/v2\/users\/1"}],"replies":[{"embeddable":true,"href":"https:\/\/pllrakennus.fi\/index.php\/wp-json\/wp\/v2\/comments?post=43"}],"version-history":[{"count":33,"href":"https:\/\/pllrakennus.fi\/index.php\/wp-json\/wp\/v2\/pages\/43\/revisions"}],"predecessor-version":[{"id":588,"href":"https:\/\/pllrakennus.fi\/index.php\/wp-json\/wp\/v2\/pages\/43\/revisions\/588"}],"wp:featuredmedia":[{"embeddable":true,"href":"https:\/\/pllrakennus.fi\/index.php\/wp-json\/wp\/v2\/media\/106"}],"wp:attachment":[{"href":"https:\/\/pllrakennus.fi\/index.php\/wp-json\/wp\/v2\/media?parent=43"}],"curies":[{"name":"wp","href":"https:\/\/api.w.org\/{rel}","templated":true}]}}