{"id":59,"date":"2016-07-03T19:36:09","date_gmt":"2016-07-03T19:36:09","guid":{"rendered":"http:\/\/pllrakennus.fi\/?page_id=59"},"modified":"2022-09-01T06:16:57","modified_gmt":"2022-09-01T06:16:57","slug":"yksityistaloudet-rakennuspalvelumme-yksityistalouksille-pihakivetykset","status":"publish","type":"page","link":"https:\/\/pllrakennus.fi\/index.php\/pll-rakennus-oy-palvelut-kivityot\/yksityistaloudet-rakennuspalvelumme-yksityistalouksille-pihakivetykset\/","title":{"rendered":"Yksityistaloudet"},"content":{"rendered":"<h3>RAKENNUSPALVELUMME YKSITYISTALOUKSILLE<\/h3>\n<p>Kaipaako pihakivetykset kunnostusta? Oletko tekem\u00e4ss\u00e4 pintaremonttia uuteen kotiisi? Etsitk\u00f6 luotettavaa kumppania el\u00e4m\u00e4si t\u00e4rkeimpiin rakennusprojekteihin?\u00a0 Kysy ihmeess\u00e4 tarjous ja tulemme katsomaan kohdettasi.<\/p>\n<p><strong>Remonttisi onnistuminen on meille t\u00e4rke\u00e4\u00e4<br \/>\n<\/strong>PLL Rakennus Oy tarjoaa yksityistalouksille laajasti erilaisia rakennuspalveluja sisustus remonteista muuraukseen. Pysymme aikataulussa ja otamme asiakkaan tarpeet tarkasti huomioon.\u00a0 Teemme mit\u00e4 lupaamme. Toimintamme kulmakiven\u00e4 ovatkin palvelu, laatu ja luotettavuus. Siksi remonttisi onnistuminen on meille t\u00e4rke\u00e4\u00e4.<\/p>\n<p><strong>Luotettava Kumppani<\/strong><br \/>\nOlemme osa Tilaajavastuun Luotettava kumppani- ohjelmaa, joka takaa yrityksen tietojen l\u00e4pin\u00e4kyvyyden. Lis\u00e4ksi\u00a0 Ty\u00f6turvallisuuslaki edellytt\u00e4\u00e4, ett\u00e4 rakennusty\u00f6maalla ty\u00f6skentelevill\u00e4 on oltava kuvallinen ja veronumerolla varustettu henkil\u00f6kortti. Ty\u00f6turvallisuus on erityisen t\u00e4rke\u00e4\u00e4 yrityksess\u00e4mme. Tutustu aiheeseen lis\u00e4\u00e4 oheisesta <a href=\"https:\/\/blogi.tilaajavastuu.fi\/tilaajan-tietopaketti\">blogista<\/a><\/p>\n<p><strong>Asiakkaan tarve edell\u00e4<\/strong><br \/>\nTeemme asiakkaan kanssa yhteisty\u00f6t\u00e4 jo suunnitteluvaiheessa. Voimme kartoittaa erilaisia materiaali- ja ty\u00f6vaihe tarpeita sek\u00e4 mietti\u00e4 esimerkiksi ymp\u00e4rist\u00f6yst\u00e4v\u00e4llisempi\u00e4 toteutustapoja. Arvostamme vanhaa ja luomme my\u00f6s uutta.\u00a0 Lis\u00e4ksi toteutamme haastaviakin suunnitelmia, joista yhten\u00e4 esimerkkin\u00e4 merentantatontille rakennettu hiekkaranta tukimuurineen.<br \/>\nKohteessa tehdyist\u00e4 muista t\u00f6ist\u00e4 mm. pihakivetykset voi lukea 03\/2019 ilmestyneest\u00e4<a href=\"http:\/\/pllrakennus.fi\/index.php\/2019\/07\/08\/pll-rakennus-suuri-talo-extra-lehti\/\"> Suuri Talo Extra -lehdest\u00e4.<\/a><\/p>\n<p>Olemme olleet mukana my\u00f6s vuoden 2020 Tuuusulan Asuntomessuilla, kohteessa Duplio Aalto. Teimme kohteessa perkolan ja asensimme Drop <a href=\"https:\/\/www.youtube.com\/watch?v=PvxtZq2SkVQ\">altaan.<\/a><\/p>\n<p><strong>Remontoimme:<\/strong><\/p>\n<ul>\n<li>Kylpyhuoneet, vesieristykset ( VTT -sertifioitu)<\/li>\n<li>Keitti\u00f6t<\/li>\n<li>Saunat, laudoitukset<\/li>\n<li>Tasoitukset ja maalaukset<\/li>\n<li>Laminaattien ja parkettien asennus<\/li>\n<\/ul>\n<p><strong>Rakennamme:<\/strong><\/p>\n<ul>\n<li>autotallit<\/li>\n<li>kes\u00e4keitti\u00f6t<\/li>\n<li>terassit<\/li>\n<li>pihakivetykset ja kivimuurit<\/li>\n<li>luonnonkivity\u00f6t<\/li>\n<li>istutukset<\/li>\n<li>muut ulkorakenteet<\/li>\n<\/ul>\n<p>Muista hy\u00f6dynt\u00e4\u00e4 kotitalousv\u00e4hennys ja tutustu my\u00f6s <a href=\"http:\/\/pllrakennus.fi\/index.php\/kuvagalleria\/\">kuvagalleriaamme!<\/a><\/p>\n<p>Kysy lis\u00e4\u00e4 ja pyyd\u00e4 <a href=\"http:\/\/pllrakennus.fi\/index.php\/pyyda-tarjous\/\">tarjous!<\/a><\/p>\n<div class=\"greenQuote\"><\/div>\n","protected":false},"excerpt":{"rendered":"<p>RAKENNUSPALVELUMME YKSITYISTALOUKSILLE Kaipaako pihakivetykset kunnostusta? Oletko tekem\u00e4ss\u00e4 pintaremonttia uuteen kotiisi? Etsitk\u00f6 luotettavaa kumppania el\u00e4m\u00e4si t\u00e4rkeimpiin rakennusprojekteihin?\u00a0 Kysy ihmeess\u00e4 tarjous ja tulemme katsomaan kohdettasi. Remonttisi onnistuminen on meille t\u00e4rke\u00e4\u00e4 PLL Rakennus Oy tarjoaa yksityistalouksille laajasti erilaisia rakennuspalveluja sisustus remonteista muuraukseen. Pysymme aikataulussa ja otamme asiakkaan tarpeet tarkasti huomioon.\u00a0 Teemme mit\u00e4 lupaamme. Toimintamme kulmakiven\u00e4 ovatkin palvelu, laatu &hellip; <\/p>\n<p class=\"link-more\"><a href=\"https:\/\/pllrakennus.fi\/index.php\/pll-rakennus-oy-palvelut-kivityot\/yksityistaloudet-rakennuspalvelumme-yksityistalouksille-pihakivetykset\/\" class=\"more-link\">Continue reading<span class=\"screen-reader-text\"> &#8220;Yksityistaloudet&#8221;<\/span><\/a><\/p>\n","protected":false},"author":1,"featured_media":213,"parent":8,"menu_order":2,"comment_status":"closed","ping_status":"closed","template":"","meta":[],"_links":{"self":[{"href":"https:\/\/pllrakennus.fi\/index.php\/wp-json\/wp\/v2\/pages\/59"}],"collection":[{"href":"https:\/\/pllrakennus.fi\/index.php\/wp-json\/wp\/v2\/pages"}],"about":[{"href":"https:\/\/pllrakennus.fi\/index.php\/wp-json\/wp\/v2\/types\/page"}],"author":[{"embeddable":true,"href":"https:\/\/pllrakennus.fi\/index.php\/wp-json\/wp\/v2\/users\/1"}],"replies":[{"embeddable":true,"href":"https:\/\/pllrakennus.fi\/index.php\/wp-json\/wp\/v2\/comments?post=59"}],"version-history":[{"count":14,"href":"https:\/\/pllrakennus.fi\/index.php\/wp-json\/wp\/v2\/pages\/59\/revisions"}],"predecessor-version":[{"id":569,"href":"https:\/\/pllrakennus.fi\/index.php\/wp-json\/wp\/v2\/pages\/59\/revisions\/569"}],"up":[{"embeddable":true,"href":"https:\/\/pllrakennus.fi\/index.php\/wp-json\/wp\/v2\/pages\/8"}],"wp:featuredmedia":[{"embeddable":true,"href":"https:\/\/pllrakennus.fi\/index.php\/wp-json\/wp\/v2\/media\/213"}],"wp:attachment":[{"href":"https:\/\/pllrakennus.fi\/index.php\/wp-json\/wp\/v2\/media?parent=59"}],"curies":[{"name":"wp","href":"https:\/\/api.w.org\/{rel}","templated":true}]}}