{"id":61,"date":"2016-07-03T19:36:48","date_gmt":"2016-07-03T19:36:48","guid":{"rendered":"http:\/\/pllrakennus.fi\/?page_id=61"},"modified":"2021-12-09T20:27:02","modified_gmt":"2021-12-09T20:27:02","slug":"yritykset-timanttiporausta-ja-sahausta-seka-muita-purkutoita","status":"publish","type":"page","link":"https:\/\/pllrakennus.fi\/index.php\/pll-rakennus-oy-palvelut-kivityot\/yritykset-timanttiporausta-ja-sahausta-seka-muita-purkutoita\/","title":{"rendered":"Yritykset"},"content":{"rendered":"<p>PLL Rakennus Oy toimii yritysten kanssa alihankinta yhteisty\u00f6ss\u00e4. Keskeisimpi\u00e4 urakoitamme ovat esimerkiksi timanttiporausta, -sahausta sek\u00e4 muita purkut\u00f6it\u00e4 vaativat projektit.\u00a0 Erilaiset muuraus- ja rappaus projektit teemme ammattitaidolla. Kauttamme saa niin julkisivumuurauksia, ett\u00e4 laatta-asennuksia eri rakennus vaiheissa.<\/p>\n<p>Erikoisosaamisemme ovat kuitenkin erilaiset kivity\u00f6t niin ulko- kuin sis\u00e4tiloihin. Toteutamme kohteesi kivity\u00f6t\u00a0 betonikiveyksist\u00e4 graniittiasennuksiin. My\u00f6s kivimuurit ja luonnonkiviasennukset onnistuvat kauttamme. Toteutamme kaikenlaiset kivity\u00f6t Uudenmaan ja Etel\u00e4-Suomen alueella. Kivi on materiaalina kest\u00e4v\u00e4 mutta my\u00f6s vaativa ty\u00f6stett\u00e4v\u00e4. PLL Rakennus Oy:ll\u00e4 on vankka kokemus erilaisista kivit\u00f6ist\u00e4 ja kivilajeista.<\/p>\n<p>Tarjoamme muutenkin laaja-alaisesti eri rakennusalan palveluita, esimerkiksi vuonna 2020-2021 toteutimme putkiremontteja taloyhti\u00f6ihin.<\/p>\n<p>Toivomme harkitsevanne yrityst\u00e4mme vaihtoehtona yhteisty\u00f6kumppaniksi. Tutustu referennseihimme ja<a href=\"http:\/\/pllrakennus.fi\/index.php\/yhteystiedot\/\"> kysy lis\u00e4\u00e4.<\/a><\/p>\n<p>Tarjoamme mm seuraavia palveluita yrityksille:<\/p>\n<ul>\n<li><a href=\"http:\/\/pllrakennus.fi\/index.php\/gmedia-album\/graniittilaatoitukset\/\">kivity\u00f6t<\/a><\/li>\n<li><a href=\"http:\/\/pllrakennus.fi\/index.php\/gmedia-album\/graniittilaatoitukset\/\">graniittiasennus<\/a><\/li>\n<li>marmoriasennus<\/li>\n<li>muuraus<\/li>\n<li>rappaus<\/li>\n<li>tasoite<\/li>\n<li><a href=\"http:\/\/pllrakennus.fi\/index.php\/gmedia-album\/luonnonkivimuuraukset\/\">luonnonkivimuuraus<\/a><\/li>\n<li>julkisivurappaus<\/li>\n<li>Fasade-asennus<\/li>\n<li>pihakivetykset-ja tasot<\/li>\n<li>Putkiremontit<\/li>\n<li>Timanttiporausta ja sahausta sek\u00e4 muita purkut\u00f6it\u00e4<\/li>\n<\/ul>\n<p><strong><br \/>\nLuotettava kumppani<br \/>\n<\/strong>PLL Rakennus OY:n toiminta perustuu aitoon haluun palvella asiakkaita. Olipa urakka pieni tai suuri, sen onnistuminen ja asiakkaiden tyytyv\u00e4isyys on yritykselle t\u00e4rke\u00e4\u00e4.\u00a0 Lis\u00e4ksi olemme on mukana tukemassa rehti\u00e4 kilpailua rakennusalalla. Siit\u00e4 esimerkkin\u00e4, <strong>kuulumme Luotettava Kumppani ohjelmaan<\/strong>. Luotettava Kumppani \u2013 ohjelma hoitaa toimittajan ja urakoitsijan puolesta tilaajavastuulain edellytt\u00e4mien tietojen hakemisen eri rekistereist\u00e4. Samalla tiedot pysyv\u00e4t aina ajantasalla. Lis\u00e4ksi tiedot ty\u00f6ntekij\u00f6ist\u00e4mme l\u00f6ytyy veronumero.fi:st\u00e4 , kuten veronumerolaki edellytt\u00e4\u00e4.\u00a0 Voit hakea ilmaiseksi raportteja yrityksest\u00e4mme Suomen Tilaajavastuu Oy:n sivuilta:\u00a0<a class=\" link\" href=\"https:\/\/www.tilaajavastuu.fi\/raportit\/\" target=\"_blank\" rel=\"noopener noreferrer\">https:\/\/www.tilaajavastuu.fi\/raportit\/\u00a0<\/a><\/p>\n<p><a href=\"http:\/\/pllrakennus.fi\/index.php\/pyyda-tarjous\/\">Ota yhteytt\u00e4 ja\u00a0pyyd\u00e4 tarjous!<\/a><\/p>\n","protected":false},"excerpt":{"rendered":"<p>PLL Rakennus Oy toimii yritysten kanssa alihankinta yhteisty\u00f6ss\u00e4. Keskeisimpi\u00e4 urakoitamme ovat esimerkiksi timanttiporausta, -sahausta sek\u00e4 muita purkut\u00f6it\u00e4 vaativat projektit.\u00a0 Erilaiset muuraus- ja rappaus projektit teemme ammattitaidolla. Kauttamme saa niin julkisivumuurauksia, ett\u00e4 laatta-asennuksia eri rakennus vaiheissa. Erikoisosaamisemme ovat kuitenkin erilaiset kivity\u00f6t niin ulko- kuin sis\u00e4tiloihin. Toteutamme kohteesi kivity\u00f6t\u00a0 betonikiveyksist\u00e4 graniittiasennuksiin. My\u00f6s kivimuurit ja luonnonkiviasennukset onnistuvat kauttamme. &hellip; <\/p>\n<p class=\"link-more\"><a href=\"https:\/\/pllrakennus.fi\/index.php\/pll-rakennus-oy-palvelut-kivityot\/yritykset-timanttiporausta-ja-sahausta-seka-muita-purkutoita\/\" class=\"more-link\">Continue reading<span class=\"screen-reader-text\"> &#8220;Yritykset&#8221;<\/span><\/a><\/p>\n","protected":false},"author":1,"featured_media":38,"parent":8,"menu_order":1,"comment_status":"closed","ping_status":"closed","template":"","meta":[],"_links":{"self":[{"href":"https:\/\/pllrakennus.fi\/index.php\/wp-json\/wp\/v2\/pages\/61"}],"collection":[{"href":"https:\/\/pllrakennus.fi\/index.php\/wp-json\/wp\/v2\/pages"}],"about":[{"href":"https:\/\/pllrakennus.fi\/index.php\/wp-json\/wp\/v2\/types\/page"}],"author":[{"embeddable":true,"href":"https:\/\/pllrakennus.fi\/index.php\/wp-json\/wp\/v2\/users\/1"}],"replies":[{"embeddable":true,"href":"https:\/\/pllrakennus.fi\/index.php\/wp-json\/wp\/v2\/comments?post=61"}],"version-history":[{"count":11,"href":"https:\/\/pllrakennus.fi\/index.php\/wp-json\/wp\/v2\/pages\/61\/revisions"}],"predecessor-version":[{"id":559,"href":"https:\/\/pllrakennus.fi\/index.php\/wp-json\/wp\/v2\/pages\/61\/revisions\/559"}],"up":[{"embeddable":true,"href":"https:\/\/pllrakennus.fi\/index.php\/wp-json\/wp\/v2\/pages\/8"}],"wp:featuredmedia":[{"embeddable":true,"href":"https:\/\/pllrakennus.fi\/index.php\/wp-json\/wp\/v2\/media\/38"}],"wp:attachment":[{"href":"https:\/\/pllrakennus.fi\/index.php\/wp-json\/wp\/v2\/media?parent=61"}],"curies":[{"name":"wp","href":"https:\/\/api.w.org\/{rel}","templated":true}]}}