{"id":8,"date":"2016-03-24T09:01:43","date_gmt":"2016-03-24T09:01:43","guid":{"rendered":"http:\/\/pllrakennus.fi\/?page_id=8"},"modified":"2022-09-01T06:35:51","modified_gmt":"2022-09-01T06:35:51","slug":"pll-rakennus-oy-palvelut-kivityot","status":"publish","type":"page","link":"https:\/\/pllrakennus.fi\/index.php\/pll-rakennus-oy-palvelut-kivityot\/","title":{"rendered":"PALVELUT"},"content":{"rendered":"<div class=\"mhl\">\n<p><strong>PLL Rakennus Oy :n erikoisosaamisena erilaiset kivity\u00f6t<br \/><\/strong><\/p>\n<p>PLL Rakennus Oy palvelee yli 20 vuoden kokemuksella. Meilt\u00e4 saatte kohteeseen r\u00e4\u00e4t\u00e4l\u00f6idyn ja projektin olosuhteet huomioivan ratkaisun.<\/p>\n<p>Yritys tarjoaa laajan palvelutarjonnan: sisustus remonteista muuraukseen, suunnittelusta toteutukseen. Palvelut sis\u00e4lt\u00e4v\u00e4t yleiset talonrakennusty\u00f6t, pintaremontti, remontointi, kivity\u00f6t, muuraus, uudisrakentaminen, saneeraus ja huoltoty\u00f6t.<\/p>\n<\/div>\n\n\n<div class=\"wp-block-columns has-2-columns is-layout-flex wp-container-3\">\n<div class=\"wp-block-column is-layout-flow\">\n<p style=\"color:#fcb104\" class=\"has-text-color\"><a rel=\"noreferrer noopener\" aria-label=\"Yritykset (opens in a new tab)\" href=\"http:\/\/pllrakennus.fi\/index.php\/pll-rakennus-oy-palvelut-kivityot\/yritykset-timanttiporaus-ja-sahausta\/\" target=\"_blank\"><strong>Yritykset<\/strong><\/a><\/p>\n\n\n\n<p>Teemme yhteisty\u00f6t\u00e4 usean alihankkijan kanssa, kauttamme saa siten palvelut my\u00f6s isoihin urakoihin mm. putkiremontit sek\u00e4 julkisivumuuraukset. <\/p>\n\n\n\n<figure class=\"wp-block-image\"><img decoding=\"async\" loading=\"lazy\" width=\"768\" height=\"1024\" src=\"http:\/\/pllrakennus.fi\/wp-content\/uploads\/2017\/06\/IMG_0841-e1498643206702-768x1024.jpg\" alt=\"\" class=\"wp-image-184\"\/><\/figure>\n<\/div>\n\n\n\n<div class=\"wp-block-column is-layout-flow\">\n<p style=\"color:#efb104\" class=\"has-text-color\"><a rel=\"noreferrer noopener\" aria-label=\"Yksityistaloudet (opens in a new tab)\" href=\"http:\/\/pllrakennus.fi\/index.php\/pll-rakennus-oy-palvelut-kivityot\/yksityistaloudet-rakennuspalvelumme-yksityistalouksille-pihakivetykset\/\" target=\"_blank\"><strong>Yksityistaloudet<\/strong><\/a><\/p>\n\n\n\n<p>Yksityistalouksille tarjoamme mm. puutarhojen kivity\u00f6t, luonnonkivimuuraukset sek\u00e4 my\u00f6s sisustusremontteista uudisrakentamiseen.<\/p>\n\n\n\n<figure class=\"wp-block-image\"><img decoding=\"async\" loading=\"lazy\" width=\"300\" height=\"400\" src=\"http:\/\/pllrakennus.fi\/wp-content\/uploads\/2017\/11\/IMG_0751.jpg\" alt=\"\" class=\"wp-image-229\" srcset=\"https:\/\/pllrakennus.fi\/wp-content\/uploads\/2017\/11\/IMG_0751.jpg 300w, https:\/\/pllrakennus.fi\/wp-content\/uploads\/2017\/11\/IMG_0751-225x300.jpg 225w\" sizes=\"(max-width: 300px) 100vw, 300px\" \/><\/figure>\n<\/div>\n<\/div>\n\n\n\n<p>Palvelut kuitenkin keskittyv\u00e4t erityisesti <strong>erikoisosaamiseemme eli erilaisiin kivity\u00f6t, muuraus-, ja rappaus palveluihin sek\u00e4 erilaisten kivilaattojen asennuksiin. Erityisesti marmori-, graniitti-, ja muut kivity\u00f6t onnistuvat kauttamme.\u00a0 <\/strong>Toteutamme mm. katujen reunakivetyksi\u00e4, pihakivetyksi\u00e4, luonnonkivi muurauksia, liuskekivi maalauksia. Yrityksemme taustalla on vahva kokemus ja ty\u00f6ntekij\u00f6ill\u00e4mme l\u00f6ytyy osaamista haastaviinkin urakoihin.<\/p>\n\n\n\n<p>Kun kivity\u00f6t ja muut pohjaty\u00f6t on tehty huolella, sen huomaa vuosienkin kuluttua. Kivi materiaalina on eritt\u00e4in kest\u00e4v\u00e4 ja sen k\u00e4sittely vaatii ammattitaitoa ja kokemusta. Erityisesti graniitti-ja marmori kasvattavat suosiotaan niin sis\u00e4- ett\u00e4 ulkotiloissa, ja n\u00e4iden materiaalien k\u00e4sittelyst\u00e4 meill\u00e4 on vuosien kokemus.<\/p>\n\n\n\n<p>Oli sitten kyseess\u00e4 yritys tai yksityisasiakas, erilaiset kunnostusty\u00f6t nostavat kiinteist\u00f6n arvoa. Pintaremonteilla saadaan asuntoihin uutta ilmett\u00e4 esimerkiksi myynti\u00e4 varten, ja pihakiveyksell\u00e4 ryhti\u00e4 maisemaan. Yritysten kiinteist\u00f6n sek\u00e4 sis\u00e4 -ett\u00e4 ulkotilat vaativat ajan saatossa kunnostusta tai jopa uudisrakentamista. Kauttamme onnistuu laadukkaat remontit ja rakennusurakat.\u00a0 Kun haluat kivity\u00f6n tai muun rakennusurakan j\u00e4ljen n\u00e4kyv\u00e4n kauniina vuosienkin kuluttua, ota meihin yhteytt\u00e4.<\/p>\n\n\n\n<p>Olemme tehneet julkisiin tiloihin useita kivit\u00f6it\u00e4 mm. Tripla, Redi, <a href=\"https:\/\/oikeus.fi\/karajaoikeudet\/etela-karjalankarajaoikeus\/fi\/index.html\">Lappeerannan Oikeustalo<\/a> ja <a href=\"https:\/\/vanha.asuntomessut.fi\/tulevat-messut\/tuusula-2020\/\">Tuusulan Asuntomessut <\/a> . Tutustu ty\u00f6j\u00e4lkiimme my\u00f6s meid\u00e4n instagram sivuillamme. <\/p>\n\n\n\n<p style=\"color:#fcb104\" class=\"has-text-color\"><a href=\"http:\/\/pllrakennus.fi\/index.php\/yhteystiedot\/\"><strong>Ota yhteytt\u00e4 ja pyyd\u00e4 tarjous!<\/strong><\/a><\/p>\n","protected":false},"excerpt":{"rendered":"<p>PLL Rakennus Oy :n erikoisosaamisena erilaiset kivity\u00f6t PLL Rakennus Oy palvelee yli 20 vuoden kokemuksella. Meilt\u00e4 saatte kohteeseen r\u00e4\u00e4t\u00e4l\u00f6idyn ja projektin olosuhteet huomioivan ratkaisun. Yritys tarjoaa laajan palvelutarjonnan: sisustus remonteista muuraukseen, suunnittelusta toteutukseen. Palvelut sis\u00e4lt\u00e4v\u00e4t yleiset talonrakennusty\u00f6t, pintaremontti, remontointi, kivity\u00f6t, muuraus, uudisrakentaminen, saneeraus ja huoltoty\u00f6t. Yritykset Teemme yhteisty\u00f6t\u00e4 usean alihankkijan kanssa, kauttamme saa siten palvelut &hellip; <\/p>\n<p class=\"link-more\"><a href=\"https:\/\/pllrakennus.fi\/index.php\/pll-rakennus-oy-palvelut-kivityot\/\" class=\"more-link\">Continue reading<span class=\"screen-reader-text\"> &#8220;PALVELUT&#8221;<\/span><\/a><\/p>\n","protected":false},"author":1,"featured_media":213,"parent":0,"menu_order":0,"comment_status":"closed","ping_status":"closed","template":"","meta":[],"_links":{"self":[{"href":"https:\/\/pllrakennus.fi\/index.php\/wp-json\/wp\/v2\/pages\/8"}],"collection":[{"href":"https:\/\/pllrakennus.fi\/index.php\/wp-json\/wp\/v2\/pages"}],"about":[{"href":"https:\/\/pllrakennus.fi\/index.php\/wp-json\/wp\/v2\/types\/page"}],"author":[{"embeddable":true,"href":"https:\/\/pllrakennus.fi\/index.php\/wp-json\/wp\/v2\/users\/1"}],"replies":[{"embeddable":true,"href":"https:\/\/pllrakennus.fi\/index.php\/wp-json\/wp\/v2\/comments?post=8"}],"version-history":[{"count":51,"href":"https:\/\/pllrakennus.fi\/index.php\/wp-json\/wp\/v2\/pages\/8\/revisions"}],"predecessor-version":[{"id":573,"href":"https:\/\/pllrakennus.fi\/index.php\/wp-json\/wp\/v2\/pages\/8\/revisions\/573"}],"wp:featuredmedia":[{"embeddable":true,"href":"https:\/\/pllrakennus.fi\/index.php\/wp-json\/wp\/v2\/media\/213"}],"wp:attachment":[{"href":"https:\/\/pllrakennus.fi\/index.php\/wp-json\/wp\/v2\/media?parent=8"}],"curies":[{"name":"wp","href":"https:\/\/api.w.org\/{rel}","templated":true}]}}