{"id":84,"date":"2016-07-06T09:31:32","date_gmt":"2016-07-06T09:31:32","guid":{"rendered":"http:\/\/pllrakennus.fi\/?page_id=84"},"modified":"2025-05-09T06:15:34","modified_gmt":"2025-05-09T06:15:34","slug":"pll-rakennus-oy-etusivu","status":"publish","type":"page","link":"https:\/\/pllrakennus.fi\/","title":{"rendered":"Rakennamme palveluasenteella"},"content":{"rendered":"<h2>Rakennuspalvelut yrityksille ja yksityisille \u2013 PLL Rakennus Oy<\/h2>\n<p><strong>PLL Rakennus Oy<\/strong>\u00a0tarjoaa laadukkaita ja luotettavia rakennuspalveluita yli 20 vuoden kokemuksella. Toimintamme kulmakivet ovat\u00a0<strong>palvelu, laatu ja luotettavuus<\/strong>. Saat meilt\u00e4 kaiken tarvittavan rakennusprojektiisi \u2013 suunnittelusta materiaalihankintoihin ja ammattitaitoiseen toteutukseen.<\/p>\n<h3>Rakennuspalvelut yrityksille<\/h3>\n<p>Tarjoamme\u00a0<strong>rakennusalan palveluita yrityksille<\/strong>\u00a0eri rakennusvaiheisiin.<br \/>\nPalveluihimme kuuluvat muun muassa:<\/p>\n<ul>\n<li><strong>Purkuty\u00f6t ja rappausty\u00f6t<\/strong><\/li>\n<li><strong>Kivity\u00f6t<\/strong>, kuten graniitti- ja marmorilaattojen asennus, luonnonkivimuuraukset ja liuskekivity\u00f6t<\/li>\n<li><strong>Tasoite- ja muurausty\u00f6t<\/strong><\/li>\n<\/ul>\n<p>Ammattitaitoiset ty\u00f6ntekij\u00e4mme ovat koulutettuja ja osaavat my\u00f6s\u00a0<strong>vesieristysty\u00f6t VTT-sertifioidusti<\/strong>. Pid\u00e4mme kiinni aikatauluista ja huolehdimme laadunvalvonnasta koko projektin ajan.<\/p>\n<h3>Rakennuspalvelut yksityisasiakkaille<\/h3>\n<p>Tarjoamme my\u00f6s\u00a0<strong>remonttipalveluita yksityisasiakkaille<\/strong>. Toteutamme:<\/p>\n<ul>\n<li><strong>Pintaremontit<\/strong>, jotka parantavat kotisi arvoa ja viihtyvyytt\u00e4<\/li>\n<li><strong>Laatoitukset ja tasoitety\u00f6t<\/strong>\u00a0keitti\u00f6\u00f6n, eteiseen ja kodinhoitohuoneeseen<\/li>\n<li><strong>Pihaty\u00f6t<\/strong>, kuten laatoitukset, luonnonkivimuuraukset ja terassien kunnostukset<\/li>\n<\/ul>\n<p>Saat meilt\u00e4 selke\u00e4n tarjouksen ja pit\u00e4v\u00e4t aikataulut. Hoidamme koko projektin alusta loppuun \u2013 my\u00f6s\u00a0<strong>putki- ja s\u00e4hk\u00f6ty\u00f6t yhteisty\u00f6kumppaneidemme kautta<\/strong>.<\/p>\n<h3>Miksi valita PLL Rakennus Oy?<\/h3>\n<ul>\n<li>Yli 20 vuoden kokemus rakennusalalta<\/li>\n<li>Laaja palveluvalikoima yrityksille ja yksityisille<\/li>\n<li>VTT-sertifioidut vesieristysty\u00f6t<\/li>\n<li>Kuulumme\u00a0<strong>Luotettava Kumppani<\/strong>\u00a0-ohjelmaan<\/li>\n<li>Veronumerolain mukainen toiminta \u2013 ty\u00f6ntekij\u00e4t l\u00f6ytyv\u00e4t veronumero.fi:st\u00e4<br \/>\nTutustu referensseihimme <a style=\"font-size: revert;\" href=\"http:\/\/pllrakennus.fi\/index.php\/referenssit\/\">t\u00e4st\u00e4.<\/a><\/li>\n<\/ul>\n<p>Tutustu tarkemmin <a href=\"http:\/\/pllrakennus.fi\/index.php\/palvelut\/\">palveluihimme<\/a> ja kysy tarvittaessa lis\u00e4\u00e4 &#8211; suunnitellaan yhdess\u00e4 juuri sinun tarpeisiisi sopiva ratkaisu.<\/p>\n<p><strong>Luotettava kumppani<br \/>\n<\/strong>PLL Rakennus OY:n toiminta perustuu aitoon haluun palvella asiakkaita. Olipa urakka pieni tai suuri, sen onnistuminen ja asiakkaiden tyytyv\u00e4isyys on yritykselle t\u00e4rke\u00e4\u00e4.\u00a0 Lis\u00e4ksi olemme on mukana tukemassa rehti\u00e4 kilpailua rakennusalalla. Siit\u00e4 esimerkkin\u00e4, <strong>kuulumme Luotettava Kumppani ohjelmaan<\/strong>. Luotettava Kumppani \u2013 ohjelma hoitaa toimittajan ja urakoitsijan puolesta tilaajavastuulain edellytt\u00e4mien tietojen hakemisen eri rekistereist\u00e4. Samalla tiedot pysyv\u00e4t aina ajantasalla. Lis\u00e4ksi tiedot ty\u00f6ntekij\u00f6ist\u00e4mme l\u00f6ytyy veronumero.fi:st\u00e4 , kuten veronumerolaki edellytt\u00e4\u00e4.\u00a0 Voit hakea ilmaiseksi raportteja yrityksest\u00e4mme Suomen Tilaajavastuu Oy:n sivuilta:\u00a0<a class=\" link\" href=\"https:\/\/www.tilaajavastuu.fi\/raportit\/\" target=\"_blank\" rel=\"noopener noreferrer\">https:\/\/www.tilaajavastuu.fi\/raportit\/\u00a0<\/a><\/p>\n<p><a href=\"http:\/\/pllrakennus.fi\/index.php\/pyyda-tarjous\/\">Ota yhteytt\u00e4 ja\u00a0pyyd\u00e4 tarjous!<\/a><\/p>\n<p>info@pllrakennus.fi<br \/>\n+ 358 44 3444 858<\/p>\n","protected":false},"excerpt":{"rendered":"<p>Rakennuspalvelut yrityksille ja yksityisille \u2013 PLL Rakennus Oy PLL Rakennus Oy\u00a0tarjoaa laadukkaita ja luotettavia rakennuspalveluita yli 20 vuoden kokemuksella. Toimintamme kulmakivet ovat\u00a0palvelu, laatu ja luotettavuus. Saat meilt\u00e4 kaiken tarvittavan rakennusprojektiisi \u2013 suunnittelusta materiaalihankintoihin ja ammattitaitoiseen toteutukseen. Rakennuspalvelut yrityksille Tarjoamme\u00a0rakennusalan palveluita yrityksille\u00a0eri rakennusvaiheisiin. Palveluihimme kuuluvat muun muassa: Purkuty\u00f6t ja rappausty\u00f6t Kivity\u00f6t, kuten graniitti- ja marmorilaattojen asennus, &hellip; <\/p>\n<p class=\"link-more\"><a href=\"https:\/\/pllrakennus.fi\/\" class=\"more-link\">Continue reading<span class=\"screen-reader-text\"> &#8220;Rakennamme palveluasenteella&#8221;<\/span><\/a><\/p>\n","protected":false},"author":1,"featured_media":547,"parent":0,"menu_order":1,"comment_status":"closed","ping_status":"closed","template":"","meta":[],"_links":{"self":[{"href":"https:\/\/pllrakennus.fi\/index.php\/wp-json\/wp\/v2\/pages\/84"}],"collection":[{"href":"https:\/\/pllrakennus.fi\/index.php\/wp-json\/wp\/v2\/pages"}],"about":[{"href":"https:\/\/pllrakennus.fi\/index.php\/wp-json\/wp\/v2\/types\/page"}],"author":[{"embeddable":true,"href":"https:\/\/pllrakennus.fi\/index.php\/wp-json\/wp\/v2\/users\/1"}],"replies":[{"embeddable":true,"href":"https:\/\/pllrakennus.fi\/index.php\/wp-json\/wp\/v2\/comments?post=84"}],"version-history":[{"count":44,"href":"https:\/\/pllrakennus.fi\/index.php\/wp-json\/wp\/v2\/pages\/84\/revisions"}],"predecessor-version":[{"id":592,"href":"https:\/\/pllrakennus.fi\/index.php\/wp-json\/wp\/v2\/pages\/84\/revisions\/592"}],"wp:featuredmedia":[{"embeddable":true,"href":"https:\/\/pllrakennus.fi\/index.php\/wp-json\/wp\/v2\/media\/547"}],"wp:attachment":[{"href":"https:\/\/pllrakennus.fi\/index.php\/wp-json\/wp\/v2\/media?parent=84"}],"curies":[{"name":"wp","href":"https:\/\/api.w.org\/{rel}","templated":true}]}}